{"id":29735,"date":"2023-09-25T16:02:48","date_gmt":"2023-09-25T14:02:48","guid":{"rendered":"https:\/\/confreries.ch\/?page_id=29735"},"modified":"2023-10-12T13:35:16","modified_gmt":"2023-10-12T11:35:16","slug":"confrerie-du-guillon","status":"publish","type":"page","link":"https:\/\/confreries.ch\/en\/confrerie-du-guillon\/","title":{"rendered":"Confr\u00e9rie du Guillon"},"content":{"rendered":"<p>[et_pb_section fb_built=\u00a0\u00bb1&Prime; fullwidth=\u00a0\u00bbon\u00a0\u00bb _builder_version=\u00a0\u00bb4.22.1&Prime; _module_preset=\u00a0\u00bbdefault\u00a0\u00bb background_enable_image=\u00a0\u00bboff\u00a0\u00bb custom_margin=\u00a0\u00bb0px||||false|false\u00a0\u00bb custom_padding=\u00a0\u00bb0px||||false|false\u00a0\u00bb global_colors_info=\u00a0\u00bb{}\u00a0\u00bb][et_pb_fullwidth_slider _builder_version=\u00a0\u00bb4.22.2&Prime; _module_preset=\u00a0\u00bbdefault\u00a0\u00bb use_background_color_gradient=\u00a0\u00bbon\u00a0\u00bb background_color_gradient_stops=\u00a0\u00bbrgba(255,255,255,0) 0%|#000000 100%\u00a0\u00bb background_color_gradient_overlays_image=\u00a0\u00bbon\u00a0\u00bb background_image=\u00a0\u00bbhttps:\/\/confreries.ch\/wp-content\/uploads\/2023\/09\/ConfrerieduGuillon-2-scaled.jpg\u00a0\u00bb global_colors_info=\u00a0\u00bb{}\u00a0\u00bb][et_pb_slide heading=\u00a0\u00bbFSCBG\u00a0\u00bb button_text=\u00a0\u00bbD\u00e9couvrir toutes les confr\u00e9ries\u00a0\u00bb button_link=\u00a0\u00bbhttps:\/\/confreries.ch\/les-confreries\/\u00a0\u00bb _builder_version=\u00a0\u00bb4.22.2&Prime; _module_preset=\u00a0\u00bbdefault\u00a0\u00bb header_level=\u00a0\u00bbh1&Prime; header_font=\u00a0\u00bbJost|600|||||||\u00a0\u00bb header_font_size=\u00a0\u00bb25px\u00a0\u00bb body_font=\u00a0\u00bbJost||||||||\u00a0\u00bb body_font_size=\u00a0\u00bb35px\u00a0\u00bb body_line_height=\u00a0\u00bb1.2em\u00a0\u00bb background_enable_color=\u00a0\u00bboff\u00a0\u00bb custom_button=\u00a0\u00bbon\u00a0\u00bb button_text_size=\u00a0\u00bb16px\u00a0\u00bb button_text_color=\u00a0\u00bb#a10e14&Prime; button_bg_color=\u00a0\u00bb#FFFFFF\u00a0\u00bb button_border_width=\u00a0\u00bb0px\u00a0\u00bb button_border_radius=\u00a0\u00bb0px\u00a0\u00bb button_font=\u00a0\u00bbJost||||||||\u00a0\u00bb button_icon=\u00a0\u00bb&#x35;||divi||400&Prime; button_custom_padding=\u00a0\u00bb||||false|false\u00a0\u00bb custom_padding=\u00a0\u00bb||||true|false\u00a0\u00bb custom_padding_tablet=\u00a0\u00bb||||true|false\u00a0\u00bb custom_padding_phone=\u00a0\u00bb140px||140px||true|false\u00a0\u00bb custom_padding_last_edited=\u00a0\u00bbon|phone\u00a0\u00bb header_font_size_tablet=\u00a0\u00bb25px\u00a0\u00bb header_font_size_phone=\u00a0\u00bb27px\u00a0\u00bb header_font_size_last_edited=\u00a0\u00bbon|phone\u00a0\u00bb body_font_size_tablet=\u00a0\u00bb30px\u00a0\u00bb body_font_size_phone=\u00a0\u00bb26px\u00a0\u00bb body_font_size_last_edited=\u00a0\u00bbon|phone\u00a0\u00bb button_text_size_tablet=\u00a0\u00bb16px\u00a0\u00bb button_text_size_phone=\u00a0\u00bb13px\u00a0\u00bb button_text_size_last_edited=\u00a0\u00bbon|phone\u00a0\u00bb global_colors_info=\u00a0\u00bb{}\u00a0\u00bb button_custom_padding__hover_enabled=\u00a0\u00bboff|desktop\u00a0\u00bb sticky_transition=\u00a0\u00bbon\u00a0\u00bb]<\/p>\n<p class=\"p2\"><b>Confr\u00e9rie du Guillon<span class=\"Apple-converted-space\">\u00a0<\/span><\/b><\/p>\n<p>[\/et_pb_slide][\/et_pb_fullwidth_slider][\/et_pb_section][et_pb_section fb_built=\u00a0\u00bb1&Prime; admin_label=\u00a0\u00bbTestimonial\u00a0\u00bb _builder_version=\u00a0\u00bb4.21.0&Prime; _module_preset=\u00a0\u00bbdefault\u00a0\u00bb background_enable_color=\u00a0\u00bboff\u00a0\u00bb locked=\u00a0\u00bboff\u00a0\u00bb collapsed=\u00a0\u00bbon\u00a0\u00bb global_colors_info=\u00a0\u00bb{}\u00a0\u00bb][et_pb_row custom_padding_last_edited=\u00a0\u00bboff|desktop\u00a0\u00bb _builder_version=\u00a0\u00bb4.21.0&Prime; _module_preset=\u00a0\u00bbdefault\u00a0\u00bb custom_padding=\u00a0\u00bb0px||0px||true|false\u00a0\u00bb custom_padding_tablet=\u00a0\u00bb|30px|10%|30px|false|true\u00a0\u00bb custom_padding_phone=\u00a0\u00bb|20px|10%|20px|false|true\u00a0\u00bb border_width_all=\u00a0\u00bb4px\u00a0\u00bb border_color_all=\u00a0\u00bb#a10e14&Prime; global_colors_info=\u00a0\u00bb{}\u00a0\u00bb][et_pb_column type=\u00a0\u00bb4_4&Prime; _builder_version=\u00a0\u00bb4.17.4&Prime; _module_preset=\u00a0\u00bbdefault\u00a0\u00bb custom_padding=\u00a0\u00bb10%|10%|10%|10%|true|true\u00a0\u00bb global_colors_info=\u00a0\u00bb{}\u00a0\u00bb][et_pb_text _builder_version=\u00a0\u00bb4.21.0&Prime; _module_preset=\u00a0\u00bbaaa7c440-590a-4078-ae0c-0f3c699ac51c\u00a0\u00bb header_font=\u00a0\u00bb||||||||\u00a0\u00bb header_3_font=\u00a0\u00bbJost|500|||||||\u00a0\u00bb header_3_text_color=\u00a0\u00bb#23231F\u00a0\u00bb header_3_font_size=\u00a0\u00bb25px\u00a0\u00bb header_3_line_height=\u00a0\u00bb1.4em\u00a0\u00bb background_color=\u00a0\u00bb#FFFFFF\u00a0\u00bb transform_translate_linked=\u00a0\u00bboff\u00a0\u00bb positioning=\u00a0\u00bbabsolute\u00a0\u00bb position_origin_a=\u00a0\u00bbtop_center\u00a0\u00bb vertical_offset=\u00a0\u00bb-18px\u00a0\u00bb text_orientation=\u00a0\u00bbcenter\u00a0\u00bb custom_margin=\u00a0\u00bb||||false|false\u00a0\u00bb custom_padding=\u00a0\u00bb|3%||3%|false|true\u00a0\u00bb header_3_font_size_tablet=\u00a0\u00bb\u00a0\u00bb header_3_font_size_phone=\u00a0\u00bb20px\u00a0\u00bb header_3_font_size_last_edited=\u00a0\u00bbon|phone\u00a0\u00bb global_colors_info=\u00a0\u00bb{}\u00a0\u00bb]<\/p>\n<h3>\u00ab\u00a0<\/h3>\n<p>[\/et_pb_text][et_pb_text _builder_version=\u00a0\u00bb4.22.1&Prime; _module_preset=\u00a0\u00bbb327cbe4-b1d5-4b66-ad37-40c8f2f061ba\u00a0\u00bb header_2_font=\u00a0\u00bbJost|600|||||||\u00a0\u00bb header_2_text_color=\u00a0\u00bb#23231f\u00a0\u00bb header_2_font_size=\u00a0\u00bb48px\u00a0\u00bb header_2_line_height=\u00a0\u00bb1.2em\u00a0\u00bb text_orientation=\u00a0\u00bbcenter\u00a0\u00bb max_width_tablet=\u00a0\u00bb650px\u00a0\u00bb max_width_phone=\u00a0\u00bb650px\u00a0\u00bb max_width_last_edited=\u00a0\u00bboff|desktop\u00a0\u00bb module_alignment=\u00a0\u00bbcenter\u00a0\u00bb header_2_font_size_tablet=\u00a0\u00bb32px\u00a0\u00bb header_2_font_size_phone=\u00a0\u00bb26px\u00a0\u00bb header_2_font_size_last_edited=\u00a0\u00bbon|desktop\u00a0\u00bb global_colors_info=\u00a0\u00bb{}\u00a0\u00bb]<\/p>\n<h2>Histoire<\/h2>\n<p>[\/et_pb_text][et_pb_text content_tablet=\u00a0\u00bb<\/p>\n<h4 style=%22text-align: center;%22>N\u00e9e en 1954, la Confr\u00e9rie du Guillon demeure fid\u00e8le \u00e0 son id\u00e9al, proclamant l\u2019attachement des Conseils de la confr\u00e9rie aux vignes et aux crus du Pays de Vaud et leur volont\u00e9 de s\u2019en faire les ambassadeurs. Comptant aujourd\u2019hui plus de 4000 membres, la Confr\u00e9rie du Guillon apporte sa foi, sa verve et sa passion \u00e0 la c\u00e9l\u00e9bration d\u2019une terre et d\u2019une \u00e2me. Une convivialit\u00e9 courtoise et cordiale, des compagnons accorts et galants, flatt\u00e9s par une pr\u00e9sence f\u00e9minine \u00e9l\u00e9gante et gracieuse, telles sont les pr\u00e9misses qui font des ressats du Guillon un pr\u00e9lude au bonheur. De longue tradition vaudoise, le ressat est le nom donn\u00e9 au repas de fin de moissons ou de vendanges offert par le ma\u00eetre de maison aux membres de sa famille et \u00e0 ses ouvriers. La Confr\u00e9rie du Guillon en perp\u00e9tue le sens lors de ses rencontres avec ses compagnons, notamment au printemps et \u00e0 l\u2019automne de chaque ann\u00e9e au Ch\u00e2teau de Chillon. S\u00e9lection du Ma\u00eetre de Cave, les crus sont choisis selon leurs affinit\u00e9s respectives avec les plats, en veillant \u00e0 une \u00e9quitable repr\u00e9sentativit\u00e9 des cinq r\u00e9gions viticoles vaudoises.<\/h4>\n<p>\u00a0\u00bb content_phone=\u00a0\u00bb<\/p>\n<h4 style=%22text-align: center;%22>Fond\u00e9e en 1954, la Confr\u00e9rie du Guillon, avec plus de 4000 membres, c\u00e9l\u00e8bre les vignes et les vins du Pays de Vaud. Elle incarne la convivialit\u00e9, l&rsquo;\u00e9l\u00e9gance, et la tradition du %22ressat%22 vaudois, organisant des rencontres au Ch\u00e2teau de Chillon avec des vins s\u00e9lectionn\u00e9s pour accompagner les repas.<\/h4>\n<p>\u00a0\u00bb content_last_edited=\u00a0\u00bbon|phone\u00a0\u00bb _builder_version=\u00a0\u00bb4.22.2&Prime; _module_preset=\u00a0\u00bbee27f5ac-3ccf-4a9f-b754-a4611459e4d2&Prime; header_2_font=\u00a0\u00bbJost|500|||||||\u00a0\u00bb header_2_text_color=\u00a0\u00bb#A10E14&Prime; header_2_font_size=\u00a0\u00bb45px\u00a0\u00bb header_4_font=\u00a0\u00bbJost|700|||||||\u00a0\u00bb header_4_line_height=\u00a0\u00bb1.2em\u00a0\u00bb header_4_font_tablet=\u00a0\u00bbJost|700|||||||\u00a0\u00bb header_4_font_phone=\u00a0\u00bbJost|600|||||||\u00a0\u00bb header_4_font_last_edited=\u00a0\u00bbon|desktop\u00a0\u00bb header_4_font_size_tablet=\u00a0\u00bb15px\u00a0\u00bb header_4_font_size_phone=\u00a0\u00bb15px\u00a0\u00bb header_4_font_size_last_edited=\u00a0\u00bbon|phone\u00a0\u00bb global_colors_info=\u00a0\u00bb{}\u00a0\u00bb]<\/p>\n<h4 style=\"text-align: center;\">N\u00e9e en 1954, la Confr\u00e9rie du Guillon demeure fid\u00e8le \u00e0 son id\u00e9al, proclamant l\u2019attachement des Conseils de la confr\u00e9rie aux vignes et aux crus du Pays de Vaud et leur volont\u00e9 de s\u2019en faire les ambassadeurs. Comptant aujourd\u2019hui plus de 4000 membres, la Confr\u00e9rie du Guillon apporte sa foi, sa verve et sa passion \u00e0 la c\u00e9l\u00e9bration d\u2019une terre et d\u2019une \u00e2me. Une convivialit\u00e9 courtoise et cordiale, des compagnons accorts et galants, flatt\u00e9s par une pr\u00e9sence f\u00e9minine \u00e9l\u00e9gante et gracieuse, telles sont les pr\u00e9misses qui font des ressats du Guillon un pr\u00e9lude au bonheur. De longue tradition vaudoise, le ressat est le nom donn\u00e9 au repas de fin de moissons ou de vendanges offert par le ma\u00eetre de maison aux membres de sa famille et \u00e0 ses ouvriers. La Confr\u00e9rie du Guillon en perp\u00e9tue le sens lors de ses rencontres avec ses compagnons, notamment au printemps et \u00e0 l\u2019automne de chaque ann\u00e9e au Ch\u00e2teau de Chillon. S\u00e9lection du Ma\u00eetre de Cave, les crus sont choisis selon leurs affinit\u00e9s respectives avec les plats, en veillant \u00e0 une \u00e9quitable repr\u00e9sentativit\u00e9 des cinq r\u00e9gions viticoles vaudoises.<\/h4>\n<p>[\/et_pb_text][\/et_pb_column][\/et_pb_row][\/et_pb_section][et_pb_section fb_built=\u00a0\u00bb1&Prime; _builder_version=\u00a0\u00bb4.22.1&Prime; _module_preset=\u00a0\u00bbdefault\u00a0\u00bb global_colors_info=\u00a0\u00bb{}\u00a0\u00bb][et_pb_row _builder_version=\u00a0\u00bb4.22.1&Prime; _module_preset=\u00a0\u00bbdefault\u00a0\u00bb global_colors_info=\u00a0\u00bb{}\u00a0\u00bb][et_pb_column type=\u00a0\u00bb4_4&Prime; _builder_version=\u00a0\u00bb4.22.1&Prime; _module_preset=\u00a0\u00bbdefault\u00a0\u00bb global_colors_info=\u00a0\u00bb{}\u00a0\u00bb][et_pb_text _builder_version=\u00a0\u00bb4.22.1&Prime; _module_preset=\u00a0\u00bbb327cbe4-b1d5-4b66-ad37-40c8f2f061ba\u00a0\u00bb header_2_font=\u00a0\u00bbJost|600|||||||\u00a0\u00bb header_2_text_color=\u00a0\u00bb#23231f\u00a0\u00bb header_2_font_size=\u00a0\u00bb48px\u00a0\u00bb header_2_line_height=\u00a0\u00bb1.2em\u00a0\u00bb text_orientation=\u00a0\u00bbcenter\u00a0\u00bb max_width_tablet=\u00a0\u00bb650px\u00a0\u00bb max_width_phone=\u00a0\u00bb650px\u00a0\u00bb max_width_last_edited=\u00a0\u00bboff|desktop\u00a0\u00bb module_alignment=\u00a0\u00bbcenter\u00a0\u00bb header_2_font_size_tablet=\u00a0\u00bb32px\u00a0\u00bb header_2_font_size_phone=\u00a0\u00bb26px\u00a0\u00bb header_2_font_size_last_edited=\u00a0\u00bbon|desktop\u00a0\u00bb global_colors_info=\u00a0\u00bb{}\u00a0\u00bb]<\/p>\n<h2>Informations<\/h2>\n<p>[\/et_pb_text][\/et_pb_column][\/et_pb_row][et_pb_row column_structure=\u00a0\u00bb1_4,1_4,1_4,1_4&Prime; _builder_version=\u00a0\u00bb4.22.1&Prime; _module_preset=\u00a0\u00bbdefault\u00a0\u00bb custom_padding=\u00a0\u00bb||27px|||\u00a0\u00bb global_colors_info=\u00a0\u00bb{}\u00a0\u00bb][et_pb_column type=\u00a0\u00bb1_4&Prime; _builder_version=\u00a0\u00bb4.22.1&Prime; _module_preset=\u00a0\u00bbdefault\u00a0\u00bb global_colors_info=\u00a0\u00bb{}\u00a0\u00bb][et_pb_icon font_icon=\u00a0\u00bb&#xe090;||divi||400&Prime; icon_color=\u00a0\u00bb#d9b060&Prime; icon_width=\u00a0\u00bb40px\u00a0\u00bb _builder_version=\u00a0\u00bb4.22.1&Prime; _module_preset=\u00a0\u00bbdefault\u00a0\u00bb custom_margin=\u00a0\u00bb0px|||0px|false|false\u00a0\u00bb custom_padding=\u00a0\u00bb0px||0px|0px|false|false\u00a0\u00bb global_colors_info=\u00a0\u00bb{}\u00a0\u00bb][\/et_pb_icon][et_pb_text _builder_version=\u00a0\u00bb4.22.2&Prime; _module_preset=\u00a0\u00bbdefault\u00a0\u00bb text_font=\u00a0\u00bbJost|600|||||||\u00a0\u00bb text_text_color=\u00a0\u00bb#000000&Prime; text_font_size=\u00a0\u00bb17px\u00a0\u00bb custom_margin=\u00a0\u00bb-5px||20px||false|false\u00a0\u00bb global_colors_info=\u00a0\u00bb{}\u00a0\u00bb]<\/p>\n<p class=\"p1\" style=\"text-align: center;\">021 729 41 54<\/p>\n<p>[\/et_pb_text][et_pb_text _builder_version=\u00a0\u00bb4.22.1&Prime; _module_preset=\u00a0\u00bbdefault\u00a0\u00bb text_font=\u00a0\u00bbJost|600|||||||\u00a0\u00bb text_text_color=\u00a0\u00bb#000000&Prime; text_font_size=\u00a0\u00bb17px\u00a0\u00bb custom_margin=\u00a0\u00bb-5px||20px||false|false\u00a0\u00bb global_colors_info=\u00a0\u00bb{}\u00a0\u00bb][\/et_pb_text][\/et_pb_column][et_pb_column type=\u00a0\u00bb1_4&Prime; _builder_version=\u00a0\u00bb4.22.1&Prime; _module_preset=\u00a0\u00bbdefault\u00a0\u00bb global_colors_info=\u00a0\u00bb{}\u00a0\u00bb][et_pb_icon font_icon=\u00a0\u00bb&#xe076;||divi||400&Prime; icon_color=\u00a0\u00bb#d9b060&Prime; icon_width=\u00a0\u00bb40px\u00a0\u00bb _builder_version=\u00a0\u00bb4.22.1&Prime; _module_preset=\u00a0\u00bbdefault\u00a0\u00bb custom_margin=\u00a0\u00bb0px|||0px|false|false\u00a0\u00bb custom_padding=\u00a0\u00bb0px||0px|0px|false|false\u00a0\u00bb global_colors_info=\u00a0\u00bb{}\u00a0\u00bb][\/et_pb_icon][et_pb_text _builder_version=\u00a0\u00bb4.22.2&Prime; _module_preset=\u00a0\u00bbdefault\u00a0\u00bb text_font=\u00a0\u00bbJost|600|||||||\u00a0\u00bb text_text_color=\u00a0\u00bb#000000&Prime; text_font_size=\u00a0\u00bb17px\u00a0\u00bb custom_margin=\u00a0\u00bb-5px||20px||false|false\u00a0\u00bb global_colors_info=\u00a0\u00bb{}\u00a0\u00bb]<\/p>\n<p class=\"p1\" style=\"text-align: center;\">info@guillon.ch<\/p>\n<p>[\/et_pb_text][\/et_pb_column][et_pb_column type=\u00a0\u00bb1_4&Prime; _builder_version=\u00a0\u00bb4.22.1&Prime; _module_preset=\u00a0\u00bbdefault\u00a0\u00bb global_colors_info=\u00a0\u00bb{}\u00a0\u00bb][et_pb_icon font_icon=\u00a0\u00bb&#xe081;||divi||400&Prime; icon_color=\u00a0\u00bb#d9b060&Prime; icon_width=\u00a0\u00bb40px\u00a0\u00bb _builder_version=\u00a0\u00bb4.22.1&Prime; _module_preset=\u00a0\u00bbdefault\u00a0\u00bb custom_margin=\u00a0\u00bb0px|||0px|false|false\u00a0\u00bb custom_padding=\u00a0\u00bb0px||0px|0px|false|false\u00a0\u00bb global_colors_info=\u00a0\u00bb{}\u00a0\u00bb][\/et_pb_icon][et_pb_text _builder_version=\u00a0\u00bb4.22.2&Prime; _module_preset=\u00a0\u00bbdefault\u00a0\u00bb text_font=\u00a0\u00bbJost|600|||||||\u00a0\u00bb text_text_color=\u00a0\u00bb#000000&Prime; text_font_size=\u00a0\u00bb17px\u00a0\u00bb custom_margin=\u00a0\u00bb-5px||20px||false|false\u00a0\u00bb global_colors_info=\u00a0\u00bb{}\u00a0\u00bb]<\/p>\n<p class=\"p1\" style=\"text-align: center;\">Ch. de la C\u00f4te-\u00e0-Deux-Sous 6<br \/>1052 Le Mont-sur-Lausanne<\/p>\n<p>[\/et_pb_text][\/et_pb_column][et_pb_column type=\u00a0\u00bb1_4&Prime; _builder_version=\u00a0\u00bb4.22.1&Prime; _module_preset=\u00a0\u00bbdefault\u00a0\u00bb global_colors_info=\u00a0\u00bb{}\u00a0\u00bb][et_pb_icon font_icon=\u00a0\u00bb&#xf0ac;||fa||900&Prime; icon_color=\u00a0\u00bb#d9b060&Prime; icon_width=\u00a0\u00bb40px\u00a0\u00bb _builder_version=\u00a0\u00bb4.22.1&Prime; _module_preset=\u00a0\u00bbdefault\u00a0\u00bb custom_margin=\u00a0\u00bb0px|||0px|false|false\u00a0\u00bb custom_padding=\u00a0\u00bb0px||0px|0px|false|false\u00a0\u00bb global_colors_info=\u00a0\u00bb{}\u00a0\u00bb][\/et_pb_icon][et_pb_button button_url=\u00a0\u00bbhttp:\/\/www.guillon.ch\u00a0\u00bb button_text=\u00a0\u00bbsite web\u00a0\u00bb button_alignment=\u00a0\u00bbcenter\u00a0\u00bb button_alignment_tablet=\u00a0\u00bbcenter\u00a0\u00bb button_alignment_phone=\u00a0\u00bbcenter\u00a0\u00bb button_alignment_last_edited=\u00a0\u00bbon|phone\u00a0\u00bb _builder_version=\u00a0\u00bb4.22.2&Prime; _module_preset=\u00a0\u00bbdb46e67d-9505-40bb-9ebd-8901bc8b3a95&Prime; custom_button=\u00a0\u00bbon\u00a0\u00bb button_text_size=\u00a0\u00bb11px\u00a0\u00bb button_text_color=\u00a0\u00bb#000000&Prime; button_bg_color=\u00a0\u00bbRGBA(255,255,255,0)\u00a0\u00bb button_border_color=\u00a0\u00bb#000000&Prime; button_border_radius=\u00a0\u00bb0px\u00a0\u00bb button_font=\u00a0\u00bbInter|700||on|||||\u00a0\u00bb custom_padding=\u00a0\u00bb16px|24px|16px|24px|true|true\u00a0\u00bb global_colors_info=\u00a0\u00bb{}\u00a0\u00bb][\/et_pb_button][\/et_pb_column][\/et_pb_row][\/et_pb_section][et_pb_section fb_built=\u00a0\u00bb1&Prime; admin_label=\u00a0\u00bbAbout\u00a0\u00bb _builder_version=\u00a0\u00bb4.21.0&Prime; _module_preset=\u00a0\u00bbdefault\u00a0\u00bb background_enable_color=\u00a0\u00bboff\u00a0\u00bb custom_padding=\u00a0\u00bb||0px|||\u00a0\u00bb collapsed=\u00a0\u00bbon\u00a0\u00bb global_colors_info=\u00a0\u00bb{}\u00a0\u00bb][et_pb_row column_structure=\u00a0\u00bb1_2,1_2&Prime; _builder_version=\u00a0\u00bb4.22.1&Prime; _module_preset=\u00a0\u00bbdefault\u00a0\u00bb custom_margin=\u00a0\u00bb||40px||false|false\u00a0\u00bb global_colors_info=\u00a0\u00bb{}\u00a0\u00bb][et_pb_column type=\u00a0\u00bb1_2&Prime; _builder_version=\u00a0\u00bb4.21.0&Prime; _module_preset=\u00a0\u00bbdefault\u00a0\u00bb custom_padding=\u00a0\u00bb|40px|40px|40px|false|true\u00a0\u00bb custom_padding_tablet=\u00a0\u00bb|30px|30px|30px|false|true\u00a0\u00bb custom_padding_phone=\u00a0\u00bb|20px|20px|20px|false|true\u00a0\u00bb custom_padding_last_edited=\u00a0\u00bbon|phone\u00a0\u00bb border_width_all=\u00a0\u00bb4px\u00a0\u00bb border_color_all=\u00a0\u00bb#A10E14&Prime; global_colors_info=\u00a0\u00bb{}\u00a0\u00bb][et_pb_text _builder_version=\u00a0\u00bb4.22.1&Prime; _module_preset=\u00a0\u00bbe6504a1b-67eb-4b3d-b023-bcab277610b6&Prime; header_4_font=\u00a0\u00bbInter|700||on|||||\u00a0\u00bb header_4_text_color=\u00a0\u00bb#d9b05f\u00a0\u00bb header_4_font_size=\u00a0\u00bb11px\u00a0\u00bb header_4_letter_spacing=\u00a0\u00bb0.3em\u00a0\u00bb header_4_line_height=\u00a0\u00bb1.4em\u00a0\u00bb background_color=\u00a0\u00bb#FFFFFF\u00a0\u00bb text_orientation=\u00a0\u00bbcenter\u00a0\u00bb width=\u00a0\u00bb50%\u00a0\u00bb module_alignment=\u00a0\u00bbcenter\u00a0\u00bb custom_margin=\u00a0\u00bb-10px||30px||false|false\u00a0\u00bb custom_margin_tablet=\u00a0\u00bb-10px||30px||false|false\u00a0\u00bb custom_margin_phone=\u00a0\u00bb||20px||false|false\u00a0\u00bb custom_margin_last_edited=\u00a0\u00bbon|phone\u00a0\u00bb custom_padding=\u00a0\u00bb|3%||3%|false|true\u00a0\u00bb global_colors_info=\u00a0\u00bb{}\u00a0\u00bb]<\/p>\n<h4>Responsable<\/h4>\n<p>[\/et_pb_text][et_pb_text _builder_version=\u00a0\u00bb4.22.2&Prime; _module_preset=\u00a0\u00bbee27f5ac-3ccf-4a9f-b754-a4611459e4d2&Prime; header_2_font=\u00a0\u00bbJost|500|||||||\u00a0\u00bb header_2_text_color=\u00a0\u00bb#A10E14&Prime; header_2_font_size=\u00a0\u00bb45px\u00a0\u00bb header_4_font=\u00a0\u00bbJost|700|||||||\u00a0\u00bb header_4_font_size=\u00a0\u00bb19px\u00a0\u00bb header_4_line_height=\u00a0\u00bb1.3em\u00a0\u00bb header_4_font_size_tablet=\u00a0\u00bb19px\u00a0\u00bb header_4_font_size_phone=\u00a0\u00bb17px\u00a0\u00bb header_4_font_size_last_edited=\u00a0\u00bbon|phone\u00a0\u00bb global_colors_info=\u00a0\u00bb{}\u00a0\u00bb]<\/p>\n<h4 style=\"text-align: center;\">GOUVERNEUR<br \/>M. Eric Loup<\/h4>\n<p>[\/et_pb_text][et_pb_image src=\u00a0\u00bbhttps:\/\/confreries.ch\/wp-content\/uploads\/2023\/09\/guillon09logo.jpg\u00a0\u00bb title_text=\u00a0\u00bbguillon09logo\u00a0\u00bb align=\u00a0\u00bbcenter\u00a0\u00bb _builder_version=\u00a0\u00bb4.22.2&Prime; _module_preset=\u00a0\u00bbdefault\u00a0\u00bb width=\u00a0\u00bb50%\u00a0\u00bb width_tablet=\u00a0\u00bb45%\u00a0\u00bb width_phone=\u00a0\u00bb60%\u00a0\u00bb width_last_edited=\u00a0\u00bbon|phone\u00a0\u00bb global_colors_info=\u00a0\u00bb{}\u00a0\u00bb][\/et_pb_image][\/et_pb_column][et_pb_column type=\u00a0\u00bb1_2&Prime; _builder_version=\u00a0\u00bb4.17.4&Prime; _module_preset=\u00a0\u00bbdefault\u00a0\u00bb global_colors_info=\u00a0\u00bb{}\u00a0\u00bb][et_pb_image src=\u00a0\u00bbhttps:\/\/confreries.ch\/wp-content\/uploads\/2023\/08\/verre-de-vin-scaled.jpg\u00a0\u00bb title_text=\u00a0\u00bbGlass of wine\u00a0\u00bb _builder_version=\u00a0\u00bb4.22.2&Prime; _module_preset=\u00a0\u00bbdefault\u00a0\u00bb global_colors_info=\u00a0\u00bb{}\u00a0\u00bb][\/et_pb_image][\/et_pb_column][\/et_pb_row][et_pb_row use_custom_gutter=\u00a0\u00bbon\u00a0\u00bb gutter_width=\u00a0\u00bb1&Prime; make_equal=\u00a0\u00bbon\u00a0\u00bb disabled_on=\u00a0\u00bboff|off|off\u00a0\u00bb _builder_version=\u00a0\u00bb4.22.2&Prime; _module_preset=\u00a0\u00bbdefault\u00a0\u00bb width=\u00a0\u00bb100%\u00a0\u00bb max_width=\u00a0\u00bb100%\u00a0\u00bb custom_padding=\u00a0\u00bb0px||0px||true|false\u00a0\u00bb global_colors_info=\u00a0\u00bb{}\u00a0\u00bb][et_pb_column type=\u00a0\u00bb4_4&Prime; _builder_version=\u00a0\u00bb4.22.2&Prime; _module_preset=\u00a0\u00bbdefault\u00a0\u00bb use_background_color_gradient=\u00a0\u00bbon\u00a0\u00bb background_color_gradient_stops=\u00a0\u00bbrgba(255,255,255,0) 0%|#000000 100%\u00a0\u00bb background_color_gradient_overlays_image=\u00a0\u00bbon\u00a0\u00bb background_image=\u00a0\u00bbhttps:\/\/confreries.ch\/wp-content\/uploads\/2023\/09\/ConfrerieduGuillon-1-scaled.jpg\u00a0\u00bb custom_padding=\u00a0\u00bb8%|8%|8%|8%|true|true\u00a0\u00bb global_colors_info=\u00a0\u00bb{}\u00a0\u00bb][et_pb_text _builder_version=\u00a0\u00bb4.22.1&Prime; _module_preset=\u00a0\u00bb1f09816e-184e-4ce5-a4cf-b39c52c423ca\u00a0\u00bb text_font=\u00a0\u00bbInter||||||||\u00a0\u00bb text_text_color=\u00a0\u00bbrgba(255,255,255,0.7)\u00a0\u00bb text_font_size=\u00a0\u00bb16px\u00a0\u00bb text_line_height=\u00a0\u00bb1.8em\u00a0\u00bb link_text_color=\u00a0\u00bb#A58855&Prime; text_orientation=\u00a0\u00bbcenter\u00a0\u00bb custom_margin=\u00a0\u00bb||10px||false|false\u00a0\u00bb text_font_size_tablet=\u00a0\u00bb15px\u00a0\u00bb text_font_size_phone=\u00a0\u00bb14px\u00a0\u00bb text_font_size_last_edited=\u00a0\u00bbon|phone\u00a0\u00bb header_font_size_tablet=\u00a0\u00bb55px\u00a0\u00bb header_font_size_last_edited=\u00a0\u00bboff|desktop\u00a0\u00bb locked=\u00a0\u00bboff\u00a0\u00bb global_colors_info=\u00a0\u00bb{}\u00a0\u00bb]<\/p>\n<p>&nbsp;<\/p>\n<p>&nbsp;<\/p>\n<p>&nbsp;<\/p>\n<p>&nbsp;<\/p>\n<p>&nbsp;<\/p>\n<p>&nbsp;<\/p>\n<p>&nbsp;<\/p>\n<p>&nbsp;<\/p>\n<p>&nbsp;<\/p>\n<p>[\/et_pb_text][\/et_pb_column][\/et_pb_row][\/et_pb_section]<\/p>\n","protected":false},"excerpt":{"rendered":"<p>Confr\u00e9rie du Guillon\u00a0\u00ab\u00a0HistoireN\u00e9e en 1954, la Confr\u00e9rie du Guillon demeure fid\u00e8le \u00e0 son id\u00e9al, proclamant l\u2019attachement des Conseils de la confr\u00e9rie aux vignes et aux crus du Pays de Vaud [&hellip;]<\/p>\n","protected":false},"author":1,"featured_media":0,"parent":0,"menu_order":0,"comment_status":"closed","ping_status":"closed","template":"","meta":{"_et_pb_use_builder":"on","_et_pb_old_content":"<!-- wp:divi\/placeholder \/-->","_et_gb_content_width":"","footnotes":""},"dipi_cpt_category":[],"class_list":["post-29735","page","type-page","status-publish","hentry"],"_links":{"self":[{"href":"https:\/\/confreries.ch\/en\/wp-json\/wp\/v2\/pages\/29735","targetHints":{"allow":["GET"]}}],"collection":[{"href":"https:\/\/confreries.ch\/en\/wp-json\/wp\/v2\/pages"}],"about":[{"href":"https:\/\/confreries.ch\/en\/wp-json\/wp\/v2\/types\/page"}],"author":[{"embeddable":true,"href":"https:\/\/confreries.ch\/en\/wp-json\/wp\/v2\/users\/1"}],"replies":[{"embeddable":true,"href":"https:\/\/confreries.ch\/en\/wp-json\/wp\/v2\/comments?post=29735"}],"version-history":[{"count":8,"href":"https:\/\/confreries.ch\/en\/wp-json\/wp\/v2\/pages\/29735\/revisions"}],"predecessor-version":[{"id":30179,"href":"https:\/\/confreries.ch\/en\/wp-json\/wp\/v2\/pages\/29735\/revisions\/30179"}],"wp:attachment":[{"href":"https:\/\/confreries.ch\/en\/wp-json\/wp\/v2\/media?parent=29735"}],"wp:term":[{"taxonomy":"dipi_cpt_category","embeddable":true,"href":"https:\/\/confreries.ch\/en\/wp-json\/wp\/v2\/dipi_cpt_category?post=29735"}],"curies":[{"name":"wp","href":"https:\/\/api.w.org\/{rel}","templated":true}]}}